{"id":56,"date":"2024-04-14T19:13:55","date_gmt":"2024-04-14T19:13:55","guid":{"rendered":"https:\/\/aquasond.com\/?page_id=56"},"modified":"2024-04-27T18:24:53","modified_gmt":"2024-04-27T18:24:53","slug":"quienes-somos","status":"publish","type":"page","link":"https:\/\/aquasond.com\/index.php\/quienes-somos\/","title":{"rendered":"Qui\u00e9nes somos"},"content":{"rendered":"\n<div class=\"wp-block-group alignfull has-accent-background-color has-background has-global-padding is-layout-constrained wp-container-core-group-is-layout-669513ed wp-block-group-is-layout-constrained\" style=\"margin-top:0;margin-bottom:0;padding-top:var(--wp--preset--spacing--50);padding-right:var(--wp--preset--spacing--50);padding-bottom:var(--wp--preset--spacing--50);padding-left:var(--wp--preset--spacing--50)\">\n<div class=\"wp-block-columns alignwide is-layout-flex wp-container-core-columns-is-layout-1da03c2a wp-block-columns-is-layout-flex\">\n<div class=\"wp-block-column is-vertically-aligned-stretch is-layout-flow wp-block-column-is-layout-flow\" style=\"flex-basis:50%\">\n<div class=\"wp-block-group is-vertical is-content-justification-stretch is-layout-flex wp-container-core-group-is-layout-444d5ee8 wp-block-group-is-layout-flex\" style=\"min-height:100%\">\n<p class=\"has-heading-font-family has-x-large-font-size\" style=\"line-height:1.2\">Desde 1978 garantizando la m\u00e1xima calidad en sondeos y perforaciones en todo el territorio nacional<\/p>\n\n\n\n<div class=\"wp-block-group has-global-padding is-content-justification-left is-layout-constrained wp-container-core-group-is-layout-9fe8ed88 wp-block-group-is-layout-constrained\">\n<p class=\"wp-container-content-0733e5d0\">Descubre todo lo que podemos hacer por tu proyecto<\/p>\n\n\n\n<div class=\"wp-block-buttons is-layout-flex wp-block-buttons-is-layout-flex\">\n<div class=\"wp-block-button\"><a class=\"wp-block-button__link wp-element-button\" href=\"https:\/\/aquasond.com\/index.php\/que-hacemos-2\/\">Nuestros servicios<\/a><\/div>\n<\/div>\n<\/div>\n<\/div>\n<\/div>\n\n\n\n<div class=\"wp-block-column is-vertically-aligned-center is-layout-flow wp-block-column-is-layout-flow\" style=\"flex-basis:50%\">\n<figure class=\"wp-block-image size-full is-style-rounded is-style-rounded--1\"><img loading=\"lazy\" decoding=\"async\" width=\"1280\" height=\"960\" src=\"https:\/\/aquasond.com\/wp-content\/uploads\/2024\/04\/IMG-20150604-WA0027.jpg\" alt=\"\" class=\"wp-image-182\" style=\"aspect-ratio:3\/4;object-fit:cover\" srcset=\"https:\/\/aquasond.com\/wp-content\/uploads\/2024\/04\/IMG-20150604-WA0027.jpg 1280w, https:\/\/aquasond.com\/wp-content\/uploads\/2024\/04\/IMG-20150604-WA0027-300x225.jpg 300w, https:\/\/aquasond.com\/wp-content\/uploads\/2024\/04\/IMG-20150604-WA0027-1024x768.jpg 1024w, https:\/\/aquasond.com\/wp-content\/uploads\/2024\/04\/IMG-20150604-WA0027-768x576.jpg 768w\" sizes=\"auto, (max-width: 1280px) 100vw, 1280px\" \/><\/figure>\n<\/div>\n<\/div>\n<\/div>\n\n\n\n<div class=\"wp-block-group alignfull has-base-background-color has-background has-global-padding is-layout-constrained wp-container-core-group-is-layout-d89aad35 wp-block-group-is-layout-constrained\" style=\"margin-top:0;margin-bottom:0;padding-top:var(--wp--preset--spacing--50);padding-right:var(--wp--preset--spacing--50);padding-bottom:var(--wp--preset--spacing--50);padding-left:var(--wp--preset--spacing--50)\">\n<div class=\"wp-block-columns alignwide is-layout-flex wp-container-core-columns-is-layout-549b0c86 wp-block-columns-is-layout-flex\">\n<div class=\"wp-block-column has-global-padding is-content-justification-left is-layout-constrained wp-container-core-column-is-layout-4f15e8fe wp-block-column-is-layout-constrained\" style=\"flex-basis:40%\">\n<p id=\"nuestra-empresa\">Los proyectos de nuestros clientes son nuestros proyectos.<\/p>\n<\/div>\n\n\n\n<div class=\"wp-block-column is-layout-flow wp-container-core-column-is-layout-119bc444 wp-block-column-is-layout-flow\" style=\"flex-basis:60%\">\n<p class=\"has-heading-font-family has-x-large-font-size\" style=\"line-height:1.2\">Una meticulosa atenci\u00f3n al detalle y un compromiso con la excelencia nos ha convertido en una de las empresas m\u00e1s importantes de nuestro sector en Espa\u00f1a<\/p>\n\n\n\n<div class=\"wp-block-columns is-layout-flex wp-container-core-columns-is-layout-87beb0d0 wp-block-columns-is-layout-flex\">\n<div class=\"wp-block-column is-layout-flow wp-block-column-is-layout-flow\">\n<p class=\"wp-container-content-9cfa9a5a\">Perforaciones Aquasond SL es una empresa con amplia experiencia en el sector de los sondeos de captaci\u00f3n de aguas subterr\u00e1neas y las perforaciones verticales. Contamos con un <strong>equipo profesional experimentado<\/strong>, con los conocimientos, <strong>t\u00e9cnicas<\/strong> y <strong>herramientas<\/strong> m\u00e1s adecuadas que permiten asegurar el \u00e9xito en la ejecuci\u00f3n de los proyectos con los que nos comprometemos.<\/p>\n<\/div>\n\n\n\n<div class=\"wp-block-column is-layout-flow wp-block-column-is-layout-flow\">\n<p>Hoy en d\u00eda nos avala el gran n\u00famero de trabajos realizados, nuestro buen hacer y <strong>la confianza de nuestros clientes<\/strong>. Ellos nos han convertido en una de las empresas m\u00e1s importantes de Espa\u00f1a en nuestro sector. Damos respuesta a las necesidades de nuestros clientes a <strong>precios muy competitivos<\/strong> en cualquier parte del terriotrio nacional y ofrecemos <strong>asesoramiento<\/strong> y <strong>atenci\u00f3n<\/strong> <strong>personalizada<\/strong> a cada uno de nuestros clientes.<\/p>\n<\/div>\n<\/div>\n<\/div>\n<\/div>\n<\/div>\n\n\n\n<div class=\"wp-block-group alignfull has-accent-5-background-color has-background has-global-padding is-layout-constrained wp-container-core-group-is-layout-d89aad35 wp-block-group-is-layout-constrained\" style=\"margin-top:0;margin-bottom:0;padding-top:var(--wp--preset--spacing--50);padding-right:var(--wp--preset--spacing--50);padding-bottom:var(--wp--preset--spacing--50);padding-left:var(--wp--preset--spacing--50)\">\n<div class=\"wp-block-columns alignwide is-layout-flex wp-container-core-columns-is-layout-1da03c2a wp-block-columns-is-layout-flex\">\n<div class=\"wp-block-column is-vertically-aligned-center is-layout-flow wp-block-column-is-layout-flow\" style=\"flex-basis:60%\">\n<figure class=\"wp-block-image size-full is-style-rounded wp-duotone-duotone-5 is-style-rounded--2\"><img loading=\"lazy\" decoding=\"async\" width=\"501\" height=\"430\" src=\"https:\/\/aquasond.com\/wp-content\/uploads\/2024\/04\/pozo-sondeo-diferencias.png\" alt=\"Gr\u00e1fico que muestra la diferencia entre un pozo y un sondeo. Fuente: Instituto Geol\u00f3gico y Minero de Espa\u00f1a.\" class=\"wp-image-62\" style=\"aspect-ratio:1;object-fit:cover\" srcset=\"https:\/\/aquasond.com\/wp-content\/uploads\/2024\/04\/pozo-sondeo-diferencias.png 501w, https:\/\/aquasond.com\/wp-content\/uploads\/2024\/04\/pozo-sondeo-diferencias-300x257.png 300w\" sizes=\"auto, (max-width: 501px) 100vw, 501px\" \/><figcaption class=\"wp-element-caption\">Diferencia entre un pozo y un sondeo. Fuente: Instituto Geol\u00f3gico y Minero de Espa\u00f1a.<\/figcaption><\/figure>\n<\/div>\n\n\n\n<div class=\"wp-block-column is-layout-flow wp-block-column-is-layout-flow\" style=\"flex-basis:40%\">\n<h2 class=\"wp-block-heading\" id=\"lo-sabias\">\u00bfLo sab\u00edas? Diferencia entre pozo y sondeo<\/h2>\n\n\n\n<p>Inicialmente se llamaba &#8216;pozo&#8217; exclusivamente a las excavaciones de gran di\u00e1metro y escasa profundidad efectuadas en terrenos blandos, fundamentalmente de forma manual, con el fin de extraer agua subterr\u00e1nea.<\/p>\n\n\n\n<p>El t\u00e9rmino &#8216;sondeo&#8217; correspond\u00eda a aquellas perforaciones realizadas con maquinaria con menor di\u00e1metro y mayor profundidad, independientemente de si se trataba de sondeos de investigaci\u00f3n o sondeos de explotaci\u00f3n.<\/p>\n\n\n\n<p>Hoy en d\u00eda, los sondeos cuyo objetivo es la captaci\u00f3n de aguas subterr\u00e1neas tambi\u00e9n se denominan en muchas ocasiones &#8216;pozos de agua&#8217;, reserv\u00e1ndose el t\u00e9rmino &#8216;sondeo&#8217; exclusivamente al de investigaci\u00f3n hidrogeol\u00f3gica.<\/p>\n\n\n\n<p>En la actualidad apenas se realizan pozos de forma manual.<\/p>\n\n\n\n<div class=\"wp-block-buttons is-layout-flex wp-block-buttons-is-layout-flex\">\n<div class=\"wp-block-button\"><a class=\"wp-block-button__link wp-element-button\" href=\"https:\/\/aquasond.com\/index.php\/que-hacemos-2\/\">Nuestros servicios<\/a><\/div>\n<\/div>\n<\/div>\n<\/div>\n<\/div>\n\n\n\n\n\n<div class=\"wp-block-group alignfull has-base-color has-contrast-background-color has-text-color has-background has-link-color wp-elements-37c0ceb50dd0b38e139308f9b8e64f41 has-global-padding is-layout-constrained wp-container-core-group-is-layout-d89aad35 wp-block-group-is-layout-constrained\" style=\"margin-top:0;margin-bottom:0;padding-top:var(--wp--preset--spacing--50);padding-right:var(--wp--preset--spacing--50);padding-bottom:var(--wp--preset--spacing--50);padding-left:var(--wp--preset--spacing--50)\">\n<h2 class=\"wp-block-heading alignwide has-base-color has-text-color has-link-color wp-elements-dd9040bb6226108904ad7926abf46568\" id=\"faq\" style=\"font-size:clamp(4.509rem, 4.509rem + ((1vw - 0.2rem) * 9.152), 10rem);letter-spacing:-0.02em\">FAQ<\/h2>\n\n\n\n<div class=\"wp-block-group alignwide is-layout-flow wp-block-group-is-layout-flow\">\n<hr class=\"wp-block-separator has-text-color has-base-color has-alpha-channel-opacity has-base-background-color has-background is-style-wide\"\/>\n\n\n\n<details class=\"wp-block-details is-style-arrow-icon-details has-medium-font-size is-layout-flow wp-block-details-is-layout-flow\" style=\"border-top-style:none;border-top-width:0px;border-right-style:none;border-right-width:0px;border-bottom-color:var(--wp--preset--color--base);border-bottom-style:solid;border-bottom-width:1px;border-left-style:none;border-left-width:0px;margin-top:0\"><summary>\u00bfCu\u00e1l es la diferencia entre un pozo y un sondeo?<\/summary>\n<p class=\"has-contrast-1-color has-text-color has-link-color wp-elements-8851697ff9d23f3505006b473f01a874\">Hoy en d\u00eda, los sondeos cuyo objetivo es la captaci\u00f3n de aguas subterr\u00e1neas tambi\u00e9n se denominan en muchas ocasiones &#8216;pozos de agua&#8217;, reserv\u00e1ndose el t\u00e9rmino &#8216;sondeo&#8217; exclusivamente al de investigaci\u00f3n hidrogeol\u00f3gica.<\/p>\n<\/details>\n\n\n\n<details class=\"wp-block-details is-style-arrow-icon-details has-medium-font-size is-layout-flow wp-block-details-is-layout-flow\" style=\"border-top-style:none;border-top-width:0px;border-right-style:none;border-right-width:0px;border-bottom-color:var(--wp--preset--color--base);border-bottom-style:solid;border-bottom-width:1px;border-left-style:none;border-left-width:0px;margin-top:0\"><summary>\u00bfD\u00f3nde est\u00e1 ubicada Perforaciones Aquasond, SL?<\/summary>\n<p class=\"has-contrast-1-color has-text-color has-link-color wp-elements-f3d557c9fbb4c4650d49e35cd3e4bb5d\">Nuestras dependencias de producci\u00f3n y de administraci\u00f3n est\u00e1n ubicadas en el pol\u00edgono Magdalena v\u00edal Oeste Peri 11, nave A, 12004, Castell\u00f3n de la Plana, aunque damos servicio en todo el territorio nacional. <a href=\"https:\/\/aquasond.com\/index.php\/contacto\/\" data-type=\"page\" data-id=\"52\">Ponte en contacto con nosotros<\/a> para obtener m\u00e1s detalles.<\/p>\n<\/details>\n\n\n\n<details class=\"wp-block-details is-style-arrow-icon-details has-medium-font-size is-layout-flow wp-block-details-is-layout-flow\" style=\"border-top-style:none;border-top-width:0px;border-right-style:none;border-right-width:0px;border-bottom-color:var(--wp--preset--color--base);border-bottom-style:solid;border-bottom-width:1px;border-left-style:none;border-left-width:0px;margin-top:0\"><summary>\u00bfSois una empresa reciente o ten\u00e9is experiencia en el mercado?<\/summary>\n<p class=\"has-contrast-1-color has-text-color has-link-color wp-elements-eb2570debe1b4f504dcd635e0e0d231d\">Tenemos una amplia experiencia en el mercado, donde estamos presentes desde el a\u00f1o 1978.<\/p>\n<\/details>\n\n\n\n<details class=\"wp-block-details is-style-arrow-icon-details has-medium-font-size is-layout-flow wp-block-details-is-layout-flow\" style=\"border-top-style:none;border-top-width:0px;border-right-style:none;border-right-width:0px;border-bottom-color:var(--wp--preset--color--base);border-bottom-style:solid;border-bottom-width:1px;border-left-style:none;border-left-width:0px;margin-top:0\"><summary>No encuentro en esta web el tipo de servicio que necesito, \u00bfqu\u00e9 hago?<\/summary>\n<p class=\"has-contrast-1-color has-text-color has-link-color wp-elements-e9e53f4f78bbf118d80f622d1da257bb\"><a href=\"https:\/\/aquasond.com\/index.php\/contacto\/\" data-type=\"page\" data-id=\"52\">Contacta con nosotros<\/a>: estaremos encantados de conocer tu proyecto al detalle y darte la mejor soluci\u00f3n posible.<\/p>\n<\/details>\n\n\n\n<div style=\"margin-top:var(--wp--preset--spacing--10);margin-bottom:0;height:var(--wp--preset--spacing--10)\" aria-hidden=\"true\" class=\"wp-block-spacer\"><\/div>\n<\/div>\n<\/div>\n","protected":false},"excerpt":{"rendered":"<p>Desde 1978 garantizando la m\u00e1xima calidad en sondeos y perforaciones en todo el territorio nacional Descubre todo lo que podemos hacer por tu proyecto Los proyectos de nuestros clientes son nuestros proyectos. Una meticulosa atenci\u00f3n al detalle y un compromiso con la excelencia nos ha convertido en una de las empresas m\u00e1s importantes de nuestro [&hellip;]<\/p>\n","protected":false},"author":1,"featured_media":143,"parent":0,"menu_order":0,"comment_status":"closed","ping_status":"closed","template":"","meta":{"footnotes":""},"class_list":["post-56","page","type-page","status-publish","has-post-thumbnail","hentry"],"jetpack_sharing_enabled":true,"_links":{"self":[{"href":"https:\/\/aquasond.com\/index.php\/wp-json\/wp\/v2\/pages\/56","targetHints":{"allow":["GET"]}}],"collection":[{"href":"https:\/\/aquasond.com\/index.php\/wp-json\/wp\/v2\/pages"}],"about":[{"href":"https:\/\/aquasond.com\/index.php\/wp-json\/wp\/v2\/types\/page"}],"author":[{"embeddable":true,"href":"https:\/\/aquasond.com\/index.php\/wp-json\/wp\/v2\/users\/1"}],"replies":[{"embeddable":true,"href":"https:\/\/aquasond.com\/index.php\/wp-json\/wp\/v2\/comments?post=56"}],"version-history":[{"count":14,"href":"https:\/\/aquasond.com\/index.php\/wp-json\/wp\/v2\/pages\/56\/revisions"}],"predecessor-version":[{"id":267,"href":"https:\/\/aquasond.com\/index.php\/wp-json\/wp\/v2\/pages\/56\/revisions\/267"}],"wp:featuredmedia":[{"embeddable":true,"href":"https:\/\/aquasond.com\/index.php\/wp-json\/wp\/v2\/media\/143"}],"wp:attachment":[{"href":"https:\/\/aquasond.com\/index.php\/wp-json\/wp\/v2\/media?parent=56"}],"curies":[{"name":"wp","href":"https:\/\/api.w.org\/{rel}","templated":true}]}}